{"id":5297,"date":"2021-02-17T16:19:49","date_gmt":"2021-02-17T13:19:49","guid":{"rendered":"https:\/\/albayrakmedya.com\/hakkimizda\/"},"modified":"2022-01-19T01:27:28","modified_gmt":"2022-01-18T22:27:28","slug":"about-us","status":"publish","type":"page","link":"https:\/\/albayrakmedya.com\/en\/about-us\/","title":{"rendered":"About Us"},"content":{"rendered":"\t\t<div data-elementor-type=\"wp-page\" data-elementor-id=\"5297\" class=\"elementor elementor-5297\">\n\t\t\t\t\t\t<section class=\"elementor-section elementor-top-section elementor-element elementor-element-3b1b1c1 elementor-section-full_width hakkimizda-cover elementor-hidden-mobile elementor-section-height-default elementor-section-height-default\" data-id=\"3b1b1c1\" data-element_type=\"section\">\n\t\t\t\t\t\t<div class=\"elementor-container elementor-column-gap-no\">\n\t\t\t\t\t<div class=\"elementor-column elementor-col-100 elementor-top-column elementor-element elementor-element-b1d46b3\" data-id=\"b1d46b3\" data-element_type=\"column\" data-settings=\"{&quot;background_background&quot;:&quot;classic&quot;}\">\n\t\t\t<div class=\"elementor-widget-wrap elementor-element-populated\">\n\t\t\t\t\t\t<div class=\"elementor-element elementor-element-a210f5f elementor-widget elementor-widget-image\" data-id=\"a210f5f\" data-element_type=\"widget\" data-settings=\"{&quot;aos_animation_name&quot;:&quot;none&quot;}\" data-widget_type=\"image.default\">\n\t\t\t\t<div class=\"elementor-widget-container\">\n\t\t\t<style>\/*! elementor - v3.19.0 - 29-01-2024 *\/\n.elementor-widget-image{text-align:center}.elementor-widget-image a{display:inline-block}.elementor-widget-image a img[src$=\".svg\"]{width:48px}.elementor-widget-image img{vertical-align:middle;display:inline-block}<\/style>\t\t\t\t\t\t\t\t\t\t<img fetchpriority=\"high\" decoding=\"async\" width=\"1920\" height=\"550\" src=\"https:\/\/albayrakmedya.com\/wp-content\/uploads\/2022\/01\/about-us-v2.jpg\" class=\"attachment-full size-full wp-image-5460\" alt=\"about us\" srcset=\"https:\/\/albayrakmedya.com\/wp-content\/uploads\/2022\/01\/about-us-v2.jpg 1920w, https:\/\/albayrakmedya.com\/wp-content\/uploads\/2022\/01\/about-us-v2-768x220.jpg 768w, https:\/\/albayrakmedya.com\/wp-content\/uploads\/2022\/01\/about-us-v2-1536x440.jpg 1536w, https:\/\/albayrakmedya.com\/wp-content\/uploads\/2022\/01\/about-us-v2-500x143.jpg 500w, https:\/\/albayrakmedya.com\/wp-content\/uploads\/2022\/01\/about-us-v2-800x229.jpg 800w, https:\/\/albayrakmedya.com\/wp-content\/uploads\/2022\/01\/about-us-v2-1280x367.jpg 1280w\" sizes=\"(max-width: 1920px) 100vw, 1920px\" \/>\t\t\t\t\t\t\t\t\t\t\t\t\t<\/div>\n\t\t\t\t<\/div>\n\t\t\t\t\t<\/div>\n\t\t<\/div>\n\t\t\t\t\t<\/div>\n\t\t<\/section>\n\t\t\t\t<section class=\"elementor-section elementor-top-section elementor-element elementor-element-603063c elementor-section-full_width alb-page-header elementor-hidden-desktop elementor-hidden-tablet elementor-section-height-default elementor-section-height-default\" data-id=\"603063c\" data-element_type=\"section\">\n\t\t\t\t\t\t<div class=\"elementor-container elementor-column-gap-extended\">\n\t\t\t\t\t<div class=\"elementor-column elementor-col-100 elementor-top-column elementor-element elementor-element-df9fc6a vlt-sticky-elementor-sidebar\" data-id=\"df9fc6a\" data-element_type=\"column\">\n\t\t\t<div class=\"elementor-widget-wrap elementor-element-populated\">\n\t\t\t\t\t\t<div class=\"elementor-element elementor-element-fb06e08 elementor-widget elementor-widget-image\" data-id=\"fb06e08\" data-element_type=\"widget\" data-settings=\"{&quot;aos_animation_name&quot;:&quot;none&quot;}\" data-widget_type=\"image.default\">\n\t\t\t\t<div class=\"elementor-widget-container\">\n\t\t\t\t\t\t\t\t\t\t\t\t\t<img decoding=\"async\" width=\"751\" height=\"451\" src=\"https:\/\/albayrakmedya.com\/wp-content\/uploads\/2021\/09\/hakkimizda-iletisim-cover-mobile.jpg\" class=\"attachment-full size-full wp-image-4791\" alt=\"\" srcset=\"https:\/\/albayrakmedya.com\/wp-content\/uploads\/2021\/09\/hakkimizda-iletisim-cover-mobile.jpg 751w, https:\/\/albayrakmedya.com\/wp-content\/uploads\/2021\/09\/hakkimizda-iletisim-cover-mobile-300x180.jpg 300w, https:\/\/albayrakmedya.com\/wp-content\/uploads\/2021\/09\/hakkimizda-iletisim-cover-mobile-500x300.jpg 500w\" sizes=\"(max-width: 751px) 100vw, 751px\" \/>\t\t\t\t\t\t\t\t\t\t\t\t\t<\/div>\n\t\t\t\t<\/div>\n\t\t\t\t\t<\/div>\n\t\t<\/div>\n\t\t\t\t\t<\/div>\n\t\t<\/section>\n\t\t\t\t<section class=\"elementor-section elementor-top-section elementor-element elementor-element-6605857 elementor-section-boxed elementor-section-height-default elementor-section-height-default\" data-id=\"6605857\" data-element_type=\"section\">\n\t\t\t\t\t\t<div class=\"elementor-container elementor-column-gap-extended\">\n\t\t\t\t\t<div class=\"elementor-column elementor-col-33 elementor-top-column elementor-element elementor-element-827ae05 elementor-hidden-phone\" data-id=\"827ae05\" data-element_type=\"column\">\n\t\t\t<div class=\"elementor-widget-wrap elementor-element-populated\">\n\t\t\t\t\t\t<div data-aos=\"fade\" data-aos-once=\"true\" class=\"elementor-element elementor-element-584b94d elementor-widget elementor-widget-vlt-heading\" data-id=\"584b94d\" data-element_type=\"widget\" data-settings=\"{&quot;aos_animation_name&quot;:&quot;fade&quot;}\" data-widget_type=\"vlt-heading.default\">\n\t\t\t\t<div class=\"elementor-widget-container\">\n\t\t\t\n\t\t<h1 class=\"vlt-heading vlt-heading--style-1\">\n\n\t\t\t\n\t\t\t\t\t\t\tABOUT US\t\t\t\n\t\t\t\n\t\t<\/h1>\n\n\t\t\t<\/div>\n\t\t\t\t<\/div>\n\t\t\t\t<div class=\"elementor-element elementor-element-69632dd elementor-widget elementor-widget-spacer\" data-id=\"69632dd\" data-element_type=\"widget\" data-settings=\"{&quot;aos_animation_name&quot;:&quot;none&quot;}\" data-widget_type=\"spacer.default\">\n\t\t\t\t<div class=\"elementor-widget-container\">\n\t\t\t<style>\/*! elementor - v3.19.0 - 29-01-2024 *\/\n.elementor-column .elementor-spacer-inner{height:var(--spacer-size)}.e-con{--container-widget-width:100%}.e-con-inner>.elementor-widget-spacer,.e-con>.elementor-widget-spacer{width:var(--container-widget-width,var(--spacer-size));--align-self:var(--container-widget-align-self,initial);--flex-shrink:0}.e-con-inner>.elementor-widget-spacer>.elementor-widget-container,.e-con>.elementor-widget-spacer>.elementor-widget-container{height:100%;width:100%}.e-con-inner>.elementor-widget-spacer>.elementor-widget-container>.elementor-spacer,.e-con>.elementor-widget-spacer>.elementor-widget-container>.elementor-spacer{height:100%}.e-con-inner>.elementor-widget-spacer>.elementor-widget-container>.elementor-spacer>.elementor-spacer-inner,.e-con>.elementor-widget-spacer>.elementor-widget-container>.elementor-spacer>.elementor-spacer-inner{height:var(--container-widget-height,var(--spacer-size))}.e-con-inner>.elementor-widget-spacer.elementor-widget-empty,.e-con>.elementor-widget-spacer.elementor-widget-empty{position:relative;min-height:22px;min-width:22px}.e-con-inner>.elementor-widget-spacer.elementor-widget-empty .elementor-widget-empty-icon,.e-con>.elementor-widget-spacer.elementor-widget-empty .elementor-widget-empty-icon{position:absolute;top:0;bottom:0;left:0;right:0;margin:auto;padding:0;width:22px;height:22px}<\/style>\t\t<div class=\"elementor-spacer\">\n\t\t\t<div class=\"elementor-spacer-inner\"><\/div>\n\t\t<\/div>\n\t\t\t\t<\/div>\n\t\t\t\t<\/div>\n\t\t\t\t<div class=\"elementor-element elementor-element-fc5ddf2 elementor-view-default elementor-widget elementor-widget-icon\" data-id=\"fc5ddf2\" data-element_type=\"widget\" data-settings=\"{&quot;aos_animation_name&quot;:&quot;none&quot;}\" data-widget_type=\"icon.default\">\n\t\t\t\t<div class=\"elementor-widget-container\">\n\t\t\t\t\t<div class=\"elementor-icon-wrapper\">\n\t\t\t<div class=\"elementor-icon\">\n\t\t\t<i aria-hidden=\"true\" class=\"fas fa-caret-down\"><\/i>\t\t\t<\/div>\n\t\t<\/div>\n\t\t\t\t<\/div>\n\t\t\t\t<\/div>\n\t\t\t\t\t<\/div>\n\t\t<\/div>\n\t\t\t\t<div class=\"elementor-column elementor-col-66 elementor-top-column elementor-element elementor-element-e42fae0\" data-id=\"e42fae0\" data-element_type=\"column\">\n\t\t\t<div class=\"elementor-widget-wrap elementor-element-populated\">\n\t\t\t\t\t\t<div data-aos=\"fade\" data-aos-delay=\"100\" data-aos-once=\"true\" class=\"elementor-element elementor-element-9b7848b elementor-widget elementor-widget-text-editor\" data-id=\"9b7848b\" data-element_type=\"widget\" data-settings=\"{&quot;aos_animation_name&quot;:&quot;fade&quot;}\" data-widget_type=\"text-editor.default\">\n\t\t\t\t<div class=\"elementor-widget-container\">\n\t\t\t<style>\/*! elementor - v3.19.0 - 29-01-2024 *\/\n.elementor-widget-text-editor.elementor-drop-cap-view-stacked .elementor-drop-cap{background-color:#69727d;color:#fff}.elementor-widget-text-editor.elementor-drop-cap-view-framed .elementor-drop-cap{color:#69727d;border:3px solid;background-color:transparent}.elementor-widget-text-editor:not(.elementor-drop-cap-view-default) .elementor-drop-cap{margin-top:8px}.elementor-widget-text-editor:not(.elementor-drop-cap-view-default) .elementor-drop-cap-letter{width:1em;height:1em}.elementor-widget-text-editor .elementor-drop-cap{float:left;text-align:center;line-height:1;font-size:50px}.elementor-widget-text-editor .elementor-drop-cap-letter{display:inline-block}<\/style>\t\t\t\t<div style=\"font-size: 15px; line-height: 1.25;\"><p>Albayrak Group stepped into the media industry in May 1998, when it acquired Yeni \u015eafak, one of Turkey\u2019s most respectable newspapers, which had been in circulation since 1995.<\/p><p>Published daily with the slogan \u201cTurkey\u2019s accumulation,\u201d Yeni \u015eafak is one of Turkey\u2019s most influential newspapers as it advocates democracy and politics and adopts a brave and honest perspective building on national and spiritual values.<\/p><p>TVNET, on the other hand, was launched in 2007 to broadcast latest events in Turkey and the world round the clock. TVNET tackles news that is not typically addressed on news programs, and makes a difference with an informative broadcast on culture and art, education, health and life.<\/p><p>Progressing to magazine publication in 2012, Albayrak Medya is now an industry leader with the monthly Derin Tarih, Nihayet, Ger\u00e7ek Hayat, Z Raporu, Lokma, Cins, Skyroad, Bilge \u00c7ocuk and Bilge Minik, as well as the Post \u00d6yk\u00fc, which is issued bimonthly.<\/p><p>In 2013, Albayrak Medya began redirecting investments towards digital platforms and has since been managing, under the Piri Medya brand, platforms with a high follower count, including yenisafak.com and gzt.com (Arkitekt, Mecra, Zpor, Gazete Man\u015fet, GZTMZT, Jurnal.ist) as well the digital communication processes for all publications of the group.<\/p><p>With its motto, \u201cWritten words remain,\u201d Ketebe Publishing commenced publishing in 2018 and is the most recent Albayrak Medya brand in book publishing. Active in a wide range of forms and genres, from novels to poetry, history to essays, and classics to children\u2019s books, Ketebe aims to become a constant in Turkish cultural life.<\/p><p>Birlikte Da\u011f\u0131t\u0131m, which undertakes the sales, marketing, subscription and dissemination operations of the newspapers, books and magazines published by Group companies, and Reklam Piri, which carries out advertisement sales for Group platforms, are the two other prominent companies of Albayrak Medya.<\/p><\/div>\t\t\t\t\t\t<\/div>\n\t\t\t\t<\/div>\n\t\t\t\t\t<\/div>\n\t\t<\/div>\n\t\t\t\t\t<\/div>\n\t\t<\/section>\n\t\t\t\t<\/div>\n\t\t","protected":false},"excerpt":{"rendered":"<p>ABOUT US Albayrak Group stepped into the media industry in May 1998, when it acquired Yeni \u015eafak, one of Turkey\u2019s most respectable newspapers, which had been in circulation since 1995. Published daily with the slogan \u201cTurkey\u2019s accumulation,\u201d Yeni \u015eafak is one of Turkey\u2019s most influential newspapers as it advocates democracy and politics and adopts a [&hellip;]<\/p>\n","protected":false},"author":2,"featured_media":5186,"parent":0,"menu_order":20,"comment_status":"closed","ping_status":"closed","template":"template-custom-page.php","meta":{"_acf_changed":false,"_vp_format_video_url":"","_vp_image_focal_point":[],"footnotes":""},"class_list":["post-5297","page","type-page","status-publish","has-post-thumbnail","hentry"],"acf":[],"_links":{"self":[{"href":"https:\/\/albayrakmedya.com\/en\/wp-json\/wp\/v2\/pages\/5297","targetHints":{"allow":["GET"]}}],"collection":[{"href":"https:\/\/albayrakmedya.com\/en\/wp-json\/wp\/v2\/pages"}],"about":[{"href":"https:\/\/albayrakmedya.com\/en\/wp-json\/wp\/v2\/types\/page"}],"author":[{"embeddable":true,"href":"https:\/\/albayrakmedya.com\/en\/wp-json\/wp\/v2\/users\/2"}],"replies":[{"embeddable":true,"href":"https:\/\/albayrakmedya.com\/en\/wp-json\/wp\/v2\/comments?post=5297"}],"version-history":[{"count":0,"href":"https:\/\/albayrakmedya.com\/en\/wp-json\/wp\/v2\/pages\/5297\/revisions"}],"wp:featuredmedia":[{"embeddable":true,"href":"https:\/\/albayrakmedya.com\/en\/wp-json\/wp\/v2\/media\/5186"}],"wp:attachment":[{"href":"https:\/\/albayrakmedya.com\/en\/wp-json\/wp\/v2\/media?parent=5297"}],"curies":[{"name":"wp","href":"https:\/\/api.w.org\/{rel}","templated":true}]}}